{"id":277,"date":"2021-02-09T18:49:25","date_gmt":"2021-02-09T18:49:25","guid":{"rendered":"https:\/\/publimediapr.com\/?page_id=277"},"modified":"2021-04-18T00:37:14","modified_gmt":"2021-04-18T00:37:14","slug":"monitoreo-de-prensa-escrita","status":"publish","type":"page","link":"https:\/\/publimediapr.com\/index.php\/monitoreo-de-prensa-escrita\/","title":{"rendered":"Monitoreo de Prensa Escrita"},"content":{"rendered":"\t\t<div data-elementor-type=\"wp-page\" data-elementor-id=\"277\" class=\"elementor elementor-277\" data-elementor-settings=\"[]\">\n\t\t\t\t\t\t\t<div class=\"elementor-section-wrap\">\n\t\t\t\t\t\t\t<section class=\"elementor-section elementor-top-section elementor-element elementor-element-5e0fc1ea elementor-section-content-middle elementor-reverse-mobile elementor-section-boxed elementor-section-height-default elementor-section-height-default\" data-id=\"5e0fc1ea\" data-element_type=\"section\" data-settings=\"{&quot;background_background&quot;:&quot;classic&quot;}\">\n\t\t\t\t\t\t\t<div class=\"elementor-background-overlay\"><\/div>\n\t\t\t\t\t\t\t<div class=\"elementor-container elementor-column-gap-default\">\n\t\t\t\t\t<div class=\"elementor-column elementor-col-100 elementor-top-column elementor-element elementor-element-6c2c2c18\" data-id=\"6c2c2c18\" data-element_type=\"column\">\n\t\t\t<div class=\"elementor-widget-wrap elementor-element-populated\">\n\t\t\t\t\t\t\t\t<div class=\"elementor-element elementor-element-783c7769 elementor-invisible elementor-widget elementor-widget-heading\" data-id=\"783c7769\" data-element_type=\"widget\" data-settings=\"{&quot;_animation&quot;:&quot;fadeInUp&quot;,&quot;_animation_delay&quot;:500}\" data-widget_type=\"heading.default\">\n\t\t\t\t<div class=\"elementor-widget-container\">\n\t\t\t<h1 class=\"elementor-heading-title elementor-size-default\">Monitoreo de Prensa Escrita<\/h1>\t\t<\/div>\n\t\t\t\t<\/div>\n\t\t\t\t\t<\/div>\n\t\t<\/div>\n\t\t\t\t\t\t\t<\/div>\n\t\t<\/section>\n\t\t\t\t<section class=\"elementor-section elementor-top-section elementor-element elementor-element-6e28c779 elementor-section-content-middle elementor-section-boxed elementor-section-height-default elementor-section-height-default\" data-id=\"6e28c779\" data-element_type=\"section\">\n\t\t\t\t\t\t<div class=\"elementor-container elementor-column-gap-default\">\n\t\t\t\t\t<div class=\"elementor-column elementor-col-50 elementor-top-column elementor-element elementor-element-66466404\" data-id=\"66466404\" data-element_type=\"column\">\n\t\t\t<div class=\"elementor-widget-wrap elementor-element-populated\">\n\t\t\t\t\t\t\t\t<div class=\"elementor-element elementor-element-6a3994cf elementor-invisible elementor-widget elementor-widget-image\" data-id=\"6a3994cf\" data-element_type=\"widget\" data-settings=\"{&quot;_animation&quot;:&quot;bounceInUp&quot;,&quot;_animation_delay&quot;:500}\" data-widget_type=\"image.default\">\n\t\t\t\t<div class=\"elementor-widget-container\">\n\t\t\t\t\t\t\t\t\t\t\t\t\t\t\t<img width=\"619\" height=\"705\" src=\"https:\/\/publimediapr.com\/wp-content\/uploads\/2021\/02\/publimedia-service-newspaper.jpg\" class=\"attachment-large size-large\" alt=\"\" srcset=\"https:\/\/publimediapr.com\/wp-content\/uploads\/2021\/02\/publimedia-service-newspaper.jpg 619w, https:\/\/publimediapr.com\/wp-content\/uploads\/2021\/02\/publimedia-service-newspaper-263x300.jpg 263w\" sizes=\"(max-width: 619px) 100vw, 619px\" \/>\t\t\t\t\t\t\t\t\t\t\t\t\t\t\t<\/div>\n\t\t\t\t<\/div>\n\t\t\t\t\t<\/div>\n\t\t<\/div>\n\t\t\t\t<div class=\"elementor-column elementor-col-50 elementor-top-column elementor-element elementor-element-7127a5a7 elementor-invisible\" data-id=\"7127a5a7\" data-element_type=\"column\" data-settings=\"{&quot;animation&quot;:&quot;fadeInRight&quot;,&quot;animation_delay&quot;:500}\">\n\t\t\t<div class=\"elementor-widget-wrap elementor-element-populated\">\n\t\t\t\t\t\t\t\t<div class=\"elementor-element elementor-element-67eeb88c elementor-widget elementor-widget-heading\" data-id=\"67eeb88c\" data-element_type=\"widget\" data-widget_type=\"heading.default\">\n\t\t\t\t<div class=\"elementor-widget-container\">\n\t\t\t<h2 class=\"elementor-heading-title elementor-size-default\">Noticias Publicadas en  los Peri\u00f3dicos <\/h2>\t\t<\/div>\n\t\t\t\t<\/div>\n\t\t\t\t<div class=\"elementor-element elementor-element-7089b0fc elementor-widget elementor-widget-text-editor\" data-id=\"7089b0fc\" data-element_type=\"widget\" data-widget_type=\"text-editor.default\">\n\t\t\t\t<div class=\"elementor-widget-container\">\n\t\t\t\t\t\t\tOfrecemos monitoreo de las noticias publicadas en  los peri\u00f3dicos diarios. \n\t\t\t\t\t\t<\/div>\n\t\t\t\t<\/div>\n\t\t\t\t<section class=\"elementor-section elementor-inner-section elementor-element elementor-element-63e4fcc5 elementor-section-boxed elementor-section-height-default elementor-section-height-default\" data-id=\"63e4fcc5\" data-element_type=\"section\">\n\t\t\t\t\t\t<div class=\"elementor-container elementor-column-gap-default\">\n\t\t\t\t\t<div class=\"elementor-column elementor-col-50 elementor-inner-column elementor-element elementor-element-49eef30c\" data-id=\"49eef30c\" data-element_type=\"column\">\n\t\t\t<div class=\"elementor-widget-wrap elementor-element-populated\">\n\t\t\t\t\t\t\t\t<div class=\"elementor-element elementor-element-5a38de5f elementor-view-stacked elementor-shape-circle elementor-widget elementor-widget-icon\" data-id=\"5a38de5f\" data-element_type=\"widget\" data-widget_type=\"icon.default\">\n\t\t\t\t<div class=\"elementor-widget-container\">\n\t\t\t\t\t<div class=\"elementor-icon-wrapper\">\n\t\t\t<div class=\"elementor-icon\">\n\t\t\t<i aria-hidden=\"true\" class=\"far fa-images\"><\/i>\t\t\t<\/div>\n\t\t<\/div>\n\t\t\t\t<\/div>\n\t\t\t\t<\/div>\n\t\t\t\t\t<\/div>\n\t\t<\/div>\n\t\t\t\t<div class=\"elementor-column elementor-col-50 elementor-inner-column elementor-element elementor-element-6af5cf8b\" data-id=\"6af5cf8b\" data-element_type=\"column\">\n\t\t\t<div class=\"elementor-widget-wrap elementor-element-populated\">\n\t\t\t\t\t\t\t\t<div class=\"elementor-element elementor-element-16eee40 elementor-widget elementor-widget-heading\" data-id=\"16eee40\" data-element_type=\"widget\" data-widget_type=\"heading.default\">\n\t\t\t\t<div class=\"elementor-widget-container\">\n\t\t\t<h3 class=\"elementor-heading-title elementor-size-default\">Portadas<\/h3>\t\t<\/div>\n\t\t\t\t<\/div>\n\t\t\t\t<div class=\"elementor-element elementor-element-412af9c5 elementor-widget elementor-widget-text-editor\" data-id=\"412af9c5\" data-element_type=\"widget\" data-widget_type=\"text-editor.default\">\n\t\t\t\t<div class=\"elementor-widget-container\">\n\t\t\t\t\t\t\tEnv\u00edo diario de las portadas de todos los peri\u00f3dicos del d\u00eda.\t\t\t\t\t\t<\/div>\n\t\t\t\t<\/div>\n\t\t\t\t\t<\/div>\n\t\t<\/div>\n\t\t\t\t\t\t\t<\/div>\n\t\t<\/section>\n\t\t\t\t<section class=\"elementor-section elementor-inner-section elementor-element elementor-element-3c45b83 elementor-section-boxed elementor-section-height-default elementor-section-height-default\" data-id=\"3c45b83\" data-element_type=\"section\">\n\t\t\t\t\t\t<div class=\"elementor-container elementor-column-gap-default\">\n\t\t\t\t\t<div class=\"elementor-column elementor-col-50 elementor-inner-column elementor-element elementor-element-fb01eac\" data-id=\"fb01eac\" data-element_type=\"column\">\n\t\t\t<div class=\"elementor-widget-wrap elementor-element-populated\">\n\t\t\t\t\t\t\t\t<div class=\"elementor-element elementor-element-0baf2f9 elementor-view-stacked elementor-shape-circle elementor-widget elementor-widget-icon\" data-id=\"0baf2f9\" data-element_type=\"widget\" data-widget_type=\"icon.default\">\n\t\t\t\t<div class=\"elementor-widget-container\">\n\t\t\t\t\t<div class=\"elementor-icon-wrapper\">\n\t\t\t<div class=\"elementor-icon\">\n\t\t\t<i aria-hidden=\"true\" class=\"fas fa-archive\"><\/i>\t\t\t<\/div>\n\t\t<\/div>\n\t\t\t\t<\/div>\n\t\t\t\t<\/div>\n\t\t\t\t\t<\/div>\n\t\t<\/div>\n\t\t\t\t<div class=\"elementor-column elementor-col-50 elementor-inner-column elementor-element elementor-element-2f5f35b\" data-id=\"2f5f35b\" data-element_type=\"column\">\n\t\t\t<div class=\"elementor-widget-wrap elementor-element-populated\">\n\t\t\t\t\t\t\t\t<div class=\"elementor-element elementor-element-ce5bedd elementor-widget elementor-widget-heading\" data-id=\"ce5bedd\" data-element_type=\"widget\" data-widget_type=\"heading.default\">\n\t\t\t\t<div class=\"elementor-widget-container\">\n\t\t\t<h3 class=\"elementor-heading-title elementor-size-default\">Archivo Electr\u00f3nico<\/h3>\t\t<\/div>\n\t\t\t\t<\/div>\n\t\t\t\t<div class=\"elementor-element elementor-element-a0864e8 elementor-widget elementor-widget-text-editor\" data-id=\"a0864e8\" data-element_type=\"widget\" data-widget_type=\"text-editor.default\">\n\t\t\t\t<div class=\"elementor-widget-container\">\n\t\t\t\t\t\t\tOfrecemos acceso al archivo electr\u00f3nico de las noticias de prensa escrita monitoreadas para el cliente en la plataforma de internet Publimedia Online. \t\t\t\t\t\t<\/div>\n\t\t\t\t<\/div>\n\t\t\t\t\t<\/div>\n\t\t<\/div>\n\t\t\t\t\t\t\t<\/div>\n\t\t<\/section>\n\t\t\t\t\t<\/div>\n\t\t<\/div>\n\t\t\t\t\t\t\t<\/div>\n\t\t<\/section>\n\t\t\t\t<section class=\"elementor-section elementor-top-section elementor-element elementor-element-def6881 elementor-section-boxed elementor-section-height-default elementor-section-height-default\" data-id=\"def6881\" data-element_type=\"section\" data-settings=\"{&quot;background_background&quot;:&quot;classic&quot;}\">\n\t\t\t\t\t\t<div class=\"elementor-container elementor-column-gap-default\">\n\t\t\t\t\t<div class=\"elementor-column elementor-col-100 elementor-top-column elementor-element elementor-element-70f1bc1c\" data-id=\"70f1bc1c\" data-element_type=\"column\">\n\t\t\t<div class=\"elementor-widget-wrap elementor-element-populated\">\n\t\t\t\t\t\t\t\t<div class=\"elementor-element elementor-element-58c3e3a8 elementor-invisible elementor-widget elementor-widget-heading\" data-id=\"58c3e3a8\" data-element_type=\"widget\" data-settings=\"{&quot;_animation&quot;:&quot;fadeIn&quot;,&quot;_animation_delay&quot;:500}\" data-widget_type=\"heading.default\">\n\t\t\t\t<div class=\"elementor-widget-container\">\n\t\t\t<h2 class=\"elementor-heading-title elementor-size-default\">Cobertura de Prensa Escrita<\/h2>\t\t<\/div>\n\t\t\t\t<\/div>\n\t\t\t\t\t<\/div>\n\t\t<\/div>\n\t\t\t\t\t\t\t<\/div>\n\t\t<\/section>\n\t\t\t\t<section class=\"elementor-section elementor-top-section elementor-element elementor-element-41504130 elementor-section-boxed elementor-section-height-default elementor-section-height-default\" data-id=\"41504130\" data-element_type=\"section\" data-settings=\"{&quot;background_background&quot;:&quot;classic&quot;}\">\n\t\t\t\t\t\t<div class=\"elementor-container elementor-column-gap-default\">\n\t\t\t\t\t<div class=\"elementor-column elementor-col-50 elementor-top-column elementor-element elementor-element-72b098cb\" data-id=\"72b098cb\" data-element_type=\"column\">\n\t\t\t<div class=\"elementor-widget-wrap elementor-element-populated\">\n\t\t\t\t\t\t\t\t<section class=\"elementor-section elementor-inner-section elementor-element elementor-element-4e26af4c elementor-section-boxed elementor-section-height-default elementor-section-height-default elementor-invisible\" data-id=\"4e26af4c\" data-element_type=\"section\" data-settings=\"{&quot;background_background&quot;:&quot;classic&quot;,&quot;animation&quot;:&quot;zoomIn&quot;,&quot;animation_delay&quot;:500}\">\n\t\t\t\t\t\t<div class=\"elementor-container elementor-column-gap-default\">\n\t\t\t\t\t<div class=\"elementor-column elementor-col-100 elementor-inner-column elementor-element elementor-element-38d7ae4e\" data-id=\"38d7ae4e\" data-element_type=\"column\">\n\t\t\t<div class=\"elementor-widget-wrap elementor-element-populated\">\n\t\t\t\t\t\t\t\t<div class=\"elementor-element elementor-element-a381bf0 elementor-view-stacked elementor-shape-circle elementor-widget elementor-widget-icon\" data-id=\"a381bf0\" data-element_type=\"widget\" data-widget_type=\"icon.default\">\n\t\t\t\t<div class=\"elementor-widget-container\">\n\t\t\t\t\t<div class=\"elementor-icon-wrapper\">\n\t\t\t<div class=\"elementor-icon\">\n\t\t\t<i aria-hidden=\"true\" class=\"fas fa-newspaper\"><\/i>\t\t\t<\/div>\n\t\t<\/div>\n\t\t\t\t<\/div>\n\t\t\t\t<\/div>\n\t\t\t\t<div class=\"elementor-element elementor-element-4c663eff elementor-widget elementor-widget-heading\" data-id=\"4c663eff\" data-element_type=\"widget\" data-widget_type=\"heading.default\">\n\t\t\t\t<div class=\"elementor-widget-container\">\n\t\t\t<h3 class=\"elementor-heading-title elementor-size-default\">Periodicos Nacionales<\/h3>\t\t<\/div>\n\t\t\t\t<\/div>\n\t\t\t\t<div class=\"elementor-element elementor-element-48663db1 elementor-widget elementor-widget-text-editor\" data-id=\"48663db1\" data-element_type=\"widget\" data-widget_type=\"text-editor.default\">\n\t\t\t\t<div class=\"elementor-widget-container\">\n\t\t\t\t\t\t\t<p><b>El Nuevo D\u00eda<\/b><\/p>\n<p><b><br><\/b><\/p><p><b>Primera Hora<\/b><\/p>\n<p><b><br><\/b><\/p><p><b>El Vocero<\/b><\/p>\n<p><b><br><\/b><\/p><p><b>Metro<\/b><\/p><p><b><br><\/b><\/p>\n<p><b>Caribbean Business<\/b><\/p>\t\t\t\t\t\t<\/div>\n\t\t\t\t<\/div>\n\t\t\t\t\t<\/div>\n\t\t<\/div>\n\t\t\t\t\t\t\t<\/div>\n\t\t<\/section>\n\t\t\t\t\t<\/div>\n\t\t<\/div>\n\t\t\t\t<div class=\"elementor-column elementor-col-50 elementor-top-column elementor-element elementor-element-54ace802\" data-id=\"54ace802\" data-element_type=\"column\">\n\t\t\t<div class=\"elementor-widget-wrap elementor-element-populated\">\n\t\t\t\t\t\t\t\t<section class=\"elementor-section elementor-inner-section elementor-element elementor-element-38f47daf elementor-section-boxed elementor-section-height-default elementor-section-height-default elementor-invisible\" data-id=\"38f47daf\" data-element_type=\"section\" data-settings=\"{&quot;background_background&quot;:&quot;classic&quot;,&quot;animation&quot;:&quot;zoomIn&quot;,&quot;animation_delay&quot;:500}\">\n\t\t\t\t\t\t<div class=\"elementor-container elementor-column-gap-default\">\n\t\t\t\t\t<div class=\"elementor-column elementor-col-100 elementor-inner-column elementor-element elementor-element-52636054\" data-id=\"52636054\" data-element_type=\"column\">\n\t\t\t<div class=\"elementor-widget-wrap elementor-element-populated\">\n\t\t\t\t\t\t\t\t<div class=\"elementor-element elementor-element-f3729ce elementor-view-stacked elementor-shape-circle elementor-widget elementor-widget-icon\" data-id=\"f3729ce\" data-element_type=\"widget\" data-widget_type=\"icon.default\">\n\t\t\t\t<div class=\"elementor-widget-container\">\n\t\t\t\t\t<div class=\"elementor-icon-wrapper\">\n\t\t\t<div class=\"elementor-icon\">\n\t\t\t<i aria-hidden=\"true\" class=\"far fa-newspaper\"><\/i>\t\t\t<\/div>\n\t\t<\/div>\n\t\t\t\t<\/div>\n\t\t\t\t<\/div>\n\t\t\t\t<div class=\"elementor-element elementor-element-5db10abd elementor-widget elementor-widget-heading\" data-id=\"5db10abd\" data-element_type=\"widget\" data-widget_type=\"heading.default\">\n\t\t\t\t<div class=\"elementor-widget-container\">\n\t\t\t<h3 class=\"elementor-heading-title elementor-size-default\">Peri\u00f3dicos Regionales<\/h3>\t\t<\/div>\n\t\t\t\t<\/div>\n\t\t\t\t<div class=\"elementor-element elementor-element-f68cf6d elementor-widget elementor-widget-wp-widget-custom_html\" data-id=\"f68cf6d\" data-element_type=\"widget\" data-widget_type=\"wp-widget-custom_html.default\">\n\t\t\t\t<div class=\"elementor-widget-container\">\n\t\t\t<div class=\"textwidget custom-html-widget\"><div style=\"font-weight:400;font-size: 16px\">\r\n\t<div class=\"bt-col\">\r\n\t\t<ul class=\"bt-ul\">\r\n\t\t\t<li>De Todo<\/li>\r\n\t\t\t<li>El Expreso de P.R.<\/li>\r\n\t\t\t<li>El Norte<\/li>\r\n\t\t\t<li>El Nuevo Impacto<\/li>\r\n\t\t\t<li>El Oriental<\/li>\r\n\t\t\t<li>El Peri\u00f3dico<\/li>\r\n\t\t\t<li>EL Regional de Guayama<\/li>\r\n\t\t\t<li>San Juan Daily Star<\/li>\r\n\t\t\t<li style=\"margin-bottom: 0em\">El Todo<\/li>\r\n\t\t<\/ul>\r\n\t<\/div>\r\n\t<div class=\"bt-col\">\r\n\t\t<ul class=\"bt-ul\">\r\n\t\t\t<li>Horizonte<\/li>\r\n\t\t\t<li>La Cordillera<\/li>\r\n\t\t\t<li>La Esquina<\/li>\r\n\t\t\t<li>La Estrella de Puerto Rico<\/li>\r\n\t\t\t<li>La Opini\u00f3n del Sur<\/li>\r\n\t\t\t<li>La Perla del Sur<\/li>\r\n\t\t\t<li>La Semana<\/li>\r\n\t\t\t<li style=\"margin-bottom: 0em\">Visi\u00f3n<\/li>\r\n\t\t<\/ul>\r\n\t<\/div>\t\t\r\n<\/div><\/div>\t\t<\/div>\n\t\t\t\t<\/div>\n\t\t\t\t\t<\/div>\n\t\t<\/div>\n\t\t\t\t\t\t\t<\/div>\n\t\t<\/section>\n\t\t\t\t\t<\/div>\n\t\t<\/div>\n\t\t\t\t\t\t\t<\/div>\n\t\t<\/section>\n\t\t\t\t\t\t<\/div>\n\t\t\t\t\t<\/div>\n\t\t","protected":false},"excerpt":{"rendered":"<p>Monitoreo de Prensa Escrita Noticias Publicadas en los Peri\u00f3dicos Ofrecemos monitoreo de las noticias publicadas en los peri\u00f3dicos diarios. Portadas Env\u00edo diario de las portadas de todos los peri\u00f3dicos del d\u00eda. Archivo Electr\u00f3nico Ofrecemos acceso al archivo electr\u00f3nico de las noticias de prensa escrita monitoreadas para el cliente en la plataforma de internet Publimedia Online. Cobertura de Prensa Escrita Periodicos [&hellip;]<\/p>\n","protected":false},"author":2,"featured_media":0,"parent":0,"menu_order":0,"comment_status":"closed","ping_status":"closed","template":"elementor_header_footer","meta":[],"_links":{"self":[{"href":"https:\/\/publimediapr.com\/index.php\/wp-json\/wp\/v2\/pages\/277"}],"collection":[{"href":"https:\/\/publimediapr.com\/index.php\/wp-json\/wp\/v2\/pages"}],"about":[{"href":"https:\/\/publimediapr.com\/index.php\/wp-json\/wp\/v2\/types\/page"}],"author":[{"embeddable":true,"href":"https:\/\/publimediapr.com\/index.php\/wp-json\/wp\/v2\/users\/2"}],"replies":[{"embeddable":true,"href":"https:\/\/publimediapr.com\/index.php\/wp-json\/wp\/v2\/comments?post=277"}],"version-history":[{"count":49,"href":"https:\/\/publimediapr.com\/index.php\/wp-json\/wp\/v2\/pages\/277\/revisions"}],"predecessor-version":[{"id":606,"href":"https:\/\/publimediapr.com\/index.php\/wp-json\/wp\/v2\/pages\/277\/revisions\/606"}],"wp:attachment":[{"href":"https:\/\/publimediapr.com\/index.php\/wp-json\/wp\/v2\/media?parent=277"}],"curies":[{"name":"wp","href":"https:\/\/api.w.org\/{rel}","templated":true}]}}