{"id":209,"date":"2021-02-09T10:56:30","date_gmt":"2021-02-09T10:56:30","guid":{"rendered":"https:\/\/publimediapr.com\/?page_id=209"},"modified":"2021-04-14T16:30:31","modified_gmt":"2021-04-14T16:30:31","slug":"sobre-nosotros","status":"publish","type":"page","link":"https:\/\/publimediapr.com\/index.php\/sobre-nosotros\/","title":{"rendered":"Sobre Nosotros"},"content":{"rendered":"\t\t<div data-elementor-type=\"wp-page\" data-elementor-id=\"209\" class=\"elementor elementor-209\" data-elementor-settings=\"[]\">\n\t\t\t\t\t\t\t<div class=\"elementor-section-wrap\">\n\t\t\t\t\t\t\t<section class=\"elementor-section elementor-top-section elementor-element elementor-element-3980862c elementor-section-content-middle elementor-reverse-mobile elementor-section-boxed elementor-section-height-default elementor-section-height-default\" data-id=\"3980862c\" data-element_type=\"section\" data-settings=\"{&quot;background_background&quot;:&quot;classic&quot;}\">\n\t\t\t\t\t\t\t<div class=\"elementor-background-overlay\"><\/div>\n\t\t\t\t\t\t\t<div class=\"elementor-container elementor-column-gap-default\">\n\t\t\t\t\t<div class=\"elementor-column elementor-col-100 elementor-top-column elementor-element elementor-element-17f8d795\" data-id=\"17f8d795\" data-element_type=\"column\">\n\t\t\t<div class=\"elementor-widget-wrap elementor-element-populated\">\n\t\t\t\t\t\t\t\t<div class=\"elementor-element elementor-element-1ef83c62 elementor-invisible elementor-widget elementor-widget-heading\" data-id=\"1ef83c62\" data-element_type=\"widget\" data-settings=\"{&quot;_animation&quot;:&quot;fadeInUp&quot;,&quot;_animation_delay&quot;:500}\" data-widget_type=\"heading.default\">\n\t\t\t\t<div class=\"elementor-widget-container\">\n\t\t\t<h1 class=\"elementor-heading-title elementor-size-default\">Sobre Nosostros<\/h1>\t\t<\/div>\n\t\t\t\t<\/div>\n\t\t\t\t\t<\/div>\n\t\t<\/div>\n\t\t\t\t\t\t\t<\/div>\n\t\t<\/section>\n\t\t\t\t<section class=\"elementor-section elementor-top-section elementor-element elementor-element-95c9294 elementor-section-boxed elementor-section-height-default elementor-section-height-default\" data-id=\"95c9294\" data-element_type=\"section\" data-settings=\"{&quot;background_background&quot;:&quot;classic&quot;}\">\n\t\t\t\t\t\t<div class=\"elementor-container elementor-column-gap-default\">\n\t\t\t\t\t<div class=\"elementor-column elementor-col-100 elementor-top-column elementor-element elementor-element-5a2ef73e\" data-id=\"5a2ef73e\" data-element_type=\"column\">\n\t\t\t<div class=\"elementor-widget-wrap elementor-element-populated\">\n\t\t\t\t\t\t\t\t<div class=\"elementor-element elementor-element-1d80cdb elementor-invisible elementor-widget elementor-widget-heading\" data-id=\"1d80cdb\" data-element_type=\"widget\" data-settings=\"{&quot;_animation&quot;:&quot;fadeInDown&quot;,&quot;_animation_delay&quot;:500}\" data-widget_type=\"heading.default\">\n\t\t\t\t<div class=\"elementor-widget-container\">\n\t\t\t<h2 class=\"elementor-heading-title elementor-size-default\">\u00bfQUI\u00c9NES SOMOS?\n<\/h2>\t\t<\/div>\n\t\t\t\t<\/div>\n\t\t\t\t<div class=\"elementor-element elementor-element-9712389 elementor-invisible elementor-widget elementor-widget-text-editor\" data-id=\"9712389\" data-element_type=\"widget\" data-settings=\"{&quot;_animation&quot;:&quot;zoomIn&quot;,&quot;_animation_delay&quot;:500}\" data-widget_type=\"text-editor.default\">\n\t\t\t\t<div class=\"elementor-widget-container\">\n\t\t\t\t\t\t\t<p>Publimedia, es la empresa l\u00edder en monitoreo, recopilaci\u00f3n y an\u00e1lisis de coberturas medi\u00e1ticas de noticias en Puerto Rico. Brindamos servicios confiables, confidenciales, r\u00e1pidos y a costos competitivos. Contamos con m\u00e1s de 25 a\u00f1os de experiencia y actualmente estamos en miras de exportar nuestros servicios al Caribe y Centroam\u00e9rica.<\/p><p>Los servicios de Publimedia se ofrecen a trav\u00e9s de una plataforma tecnol\u00f3gica de punta que permite la entrega r\u00e1pida de toda la informaci\u00f3n que se difunde sobre un tema espec\u00edfico. Trabajamos el monitoreo de los medios de comunicaci\u00f3n tradicionales (televisi\u00f3n, radio, prensa escrita) como los no tradicionales (sitios de internet, blogs, redes sociales), adem\u00e1s de an\u00e1lisis cuantitativos y cualitativos de esa cobertura.<\/p><p>La empresa es considerada una compa\u00f1\u00eda \u201cgreen\u201d por la total digitalizaci\u00f3n de sus procesos y productos. Esto hace mas \u00e1gil y r\u00e1pida la entrega de las informaci\u00f3n al cliente. En Publimedia contamos con un equipo de trabajo de amplia trayectoria y experiencia que le permite al cliente tener la seguridad que esta siendo atendido por expertos en la materia.<\/p>\t\t\t\t\t\t<\/div>\n\t\t\t\t<\/div>\n\t\t\t\t\t<\/div>\n\t\t<\/div>\n\t\t\t\t\t\t\t<\/div>\n\t\t<\/section>\n\t\t\t\t<section class=\"elementor-section elementor-top-section elementor-element elementor-element-677772f7 elementor-section-content-middle elementor-reverse-mobile elementor-section-boxed elementor-section-height-default elementor-section-height-default\" data-id=\"677772f7\" data-element_type=\"section\" data-settings=\"{&quot;background_background&quot;:&quot;classic&quot;}\">\n\t\t\t\t\t\t<div class=\"elementor-container elementor-column-gap-default\">\n\t\t\t\t\t<div class=\"elementor-column elementor-col-50 elementor-top-column elementor-element elementor-element-559541d2\" data-id=\"559541d2\" data-element_type=\"column\">\n\t\t\t<div class=\"elementor-widget-wrap elementor-element-populated\">\n\t\t\t\t\t\t\t\t<div class=\"elementor-element elementor-element-42e9218d elementor-invisible elementor-widget elementor-widget-heading\" data-id=\"42e9218d\" data-element_type=\"widget\" data-settings=\"{&quot;_animation&quot;:&quot;fadeInLeft&quot;,&quot;_animation_delay&quot;:500}\" data-widget_type=\"heading.default\">\n\t\t\t\t<div class=\"elementor-widget-container\">\n\t\t\t<h2 class=\"elementor-heading-title elementor-size-default\">Visi\u00f3n<\/h2>\t\t<\/div>\n\t\t\t\t<\/div>\n\t\t\t\t<div class=\"elementor-element elementor-element-71875f12 elementor-invisible elementor-widget elementor-widget-text-editor\" data-id=\"71875f12\" data-element_type=\"widget\" data-settings=\"{&quot;_animation&quot;:&quot;fadeInLeft&quot;,&quot;_animation_delay&quot;:500}\" data-widget_type=\"text-editor.default\">\n\t\t\t\t<div class=\"elementor-widget-container\">\n\t\t\t\t\t\t\tMantenernos en constante elaboraci\u00f3n de nuevas herramientas de monitoreo, investigaci\u00f3n y comparaci\u00f3n,  facilitadas  por equipos de trabajo de probada excelencia con base en la tecnolog\u00eda m\u00e1s reciente.  La meta es que nuestros clientes puedan  desarrollar estrategias basadas en an\u00e1lisis confiables e inmediatos de su cobertura noticiosa en los medios de comunicaci\u00f3n.  \n\t\t\t\t\t\t<\/div>\n\t\t\t\t<\/div>\n\t\t\t\t<div class=\"elementor-element elementor-element-cd8e9ed elementor-invisible elementor-widget elementor-widget-heading\" data-id=\"cd8e9ed\" data-element_type=\"widget\" data-settings=\"{&quot;_animation&quot;:&quot;fadeInLeft&quot;,&quot;_animation_delay&quot;:500}\" data-widget_type=\"heading.default\">\n\t\t\t\t<div class=\"elementor-widget-container\">\n\t\t\t<h2 class=\"elementor-heading-title elementor-size-default\">MISI\u00d3N<\/h2>\t\t<\/div>\n\t\t\t\t<\/div>\n\t\t\t\t<div class=\"elementor-element elementor-element-b656298 elementor-invisible elementor-widget elementor-widget-text-editor\" data-id=\"b656298\" data-element_type=\"widget\" data-settings=\"{&quot;_animation&quot;:&quot;fadeInLeft&quot;,&quot;_animation_delay&quot;:500}\" data-widget_type=\"text-editor.default\">\n\t\t\t\t<div class=\"elementor-widget-container\">\n\t\t\t\t\t\t\t<p>Ofrecer a nuestros clientes monitoreo, recopilaciones y an\u00e1lisis sobre la cobertura informativa que su empresa, productos, marca y sector de actividad, que les permita tomar las mejores decisiones de negocios, ofreci\u00e9ndoles rapidez, calidad, confidencialidad y ahorros, adem\u00e1s de una plataforma tecnol\u00f3gica de punta que garantiza excelencia.<\/p>\t\t\t\t\t\t<\/div>\n\t\t\t\t<\/div>\n\t\t\t\t\t<\/div>\n\t\t<\/div>\n\t\t\t\t<div class=\"elementor-column elementor-col-50 elementor-top-column elementor-element elementor-element-41902850\" data-id=\"41902850\" data-element_type=\"column\">\n\t\t\t<div class=\"elementor-widget-wrap elementor-element-populated\">\n\t\t\t\t\t\t\t\t<section class=\"elementor-section elementor-inner-section elementor-element elementor-element-637843a4 elementor-section-full_width elementor-section-height-default elementor-section-height-default\" data-id=\"637843a4\" data-element_type=\"section\">\n\t\t\t\t\t\t<div class=\"elementor-container elementor-column-gap-default\">\n\t\t\t\t\t<div class=\"elementor-column elementor-col-100 elementor-inner-column elementor-element elementor-element-2533d45c\" data-id=\"2533d45c\" data-element_type=\"column\">\n\t\t\t<div class=\"elementor-widget-wrap elementor-element-populated\">\n\t\t\t\t\t\t\t\t<div class=\"elementor-element elementor-element-25000ec elementor-invisible elementor-widget elementor-widget-image\" data-id=\"25000ec\" data-element_type=\"widget\" data-settings=\"{&quot;_animation&quot;:&quot;fadeInUp&quot;,&quot;_animation_delay&quot;:500}\" data-widget_type=\"image.default\">\n\t\t\t\t<div class=\"elementor-widget-container\">\n\t\t\t\t\t\t\t\t\t\t\t\t\t\t\t<img width=\"720\" height=\"267\" src=\"https:\/\/publimediapr.com\/wp-content\/uploads\/2021\/02\/publimedia-graphic.jpg\" class=\"attachment-large size-large\" alt=\"\" srcset=\"https:\/\/publimediapr.com\/wp-content\/uploads\/2021\/02\/publimedia-graphic.jpg 851w, https:\/\/publimediapr.com\/wp-content\/uploads\/2021\/02\/publimedia-graphic-300x111.jpg 300w, https:\/\/publimediapr.com\/wp-content\/uploads\/2021\/02\/publimedia-graphic-768x284.jpg 768w\" sizes=\"(max-width: 720px) 100vw, 720px\" \/>\t\t\t\t\t\t\t\t\t\t\t\t\t\t\t<\/div>\n\t\t\t\t<\/div>\n\t\t\t\t\t<\/div>\n\t\t<\/div>\n\t\t\t\t\t\t\t<\/div>\n\t\t<\/section>\n\t\t\t\t\t<\/div>\n\t\t<\/div>\n\t\t\t\t\t\t\t<\/div>\n\t\t<\/section>\n\t\t\t\t\t\t<\/div>\n\t\t\t\t\t<\/div>\n\t\t","protected":false},"excerpt":{"rendered":"<p>Sobre Nosostros \u00bfQUI\u00c9NES SOMOS? Publimedia, es la empresa l\u00edder en monitoreo, recopilaci\u00f3n y an\u00e1lisis de coberturas medi\u00e1ticas de noticias en Puerto Rico. Brindamos servicios confiables, confidenciales, r\u00e1pidos y a costos competitivos. Contamos con m\u00e1s de 25 a\u00f1os de experiencia y actualmente estamos en miras de exportar nuestros servicios al Caribe y Centroam\u00e9rica. Los servicios de Publimedia se ofrecen a trav\u00e9s [&hellip;]<\/p>\n","protected":false},"author":2,"featured_media":0,"parent":0,"menu_order":0,"comment_status":"closed","ping_status":"closed","template":"elementor_header_footer","meta":[],"_links":{"self":[{"href":"https:\/\/publimediapr.com\/index.php\/wp-json\/wp\/v2\/pages\/209"}],"collection":[{"href":"https:\/\/publimediapr.com\/index.php\/wp-json\/wp\/v2\/pages"}],"about":[{"href":"https:\/\/publimediapr.com\/index.php\/wp-json\/wp\/v2\/types\/page"}],"author":[{"embeddable":true,"href":"https:\/\/publimediapr.com\/index.php\/wp-json\/wp\/v2\/users\/2"}],"replies":[{"embeddable":true,"href":"https:\/\/publimediapr.com\/index.php\/wp-json\/wp\/v2\/comments?post=209"}],"version-history":[{"count":62,"href":"https:\/\/publimediapr.com\/index.php\/wp-json\/wp\/v2\/pages\/209\/revisions"}],"predecessor-version":[{"id":567,"href":"https:\/\/publimediapr.com\/index.php\/wp-json\/wp\/v2\/pages\/209\/revisions\/567"}],"wp:attachment":[{"href":"https:\/\/publimediapr.com\/index.php\/wp-json\/wp\/v2\/media?parent=209"}],"curies":[{"name":"wp","href":"https:\/\/api.w.org\/{rel}","templated":true}]}}